{"id":2,"date":"2010-11-07T21:09:00","date_gmt":"2010-11-07T21:09:00","guid":{"rendered":"http:\/\/www.sonicsoulreviews.com\/wordpress\/?page_id=2"},"modified":"2010-11-16T09:38:31","modified_gmt":"2010-11-16T08:38:31","slug":"about","status":"publish","type":"page","link":"https:\/\/www.sonicsoulreviews.com\/wordpress\/about\/","title":{"rendered":"\u00fcber sonic soul"},"content":{"rendered":"<p>Sonic Soul Reviews &#8211; Die Auswahl f\u00fcr Kenner, und die Damen und Herren unter der Leserschaft, die es werden wollen. <\/p>\n<p>Vor dem Start in die Welt von Sonic Soul, hier noch eine kurze F\u00fchrung durch die angebotenen Abteilungen:<\/p>\n<p><strong><a href=\"https:\/\/www.sonicsoulreviews.com\/wordpress\/category\/reviews\/grooves-beaz\/\">Grooves &amp; Beaz<\/a><\/strong><br \/>\nNeue Namen , alte Helden \u2013 Soul und R&amp;B, ganz nah am Puls der Zeit, immer mit Bedacht ausgew\u00e4hlt und mit dem Sonic Soul Siegel f\u00fcr Qualit\u00e4t.<\/p>\n<p><strong><a href=\"https:\/\/www.sonicsoulreviews.com\/wordpress\/category\/reviews\/beyond\/\">&#8230;and beyond<\/a><\/strong><br \/>\nEben jenseits gewohnter Grooves, aber immer mit Seele. Abenteuer  zwischen Jazz, Rock, Blues, Klassik, Folk \u2013 in allen Momenten im Hier und Jetzt und mit Soul als Begleitung.<\/p>\n<p><strong><a href=\"https:\/\/www.sonicsoulreviews.com\/wordpress\/category\/reviews\/cool-calm-collected\/\">Cool, calm &amp; collected<\/a><\/strong><br \/>\nKompilationen und Re-Issues. Alter  und neuer Soul, bew\u00e4hrte und unbekannte Tunes, wichtige Ansammlungen aktueller Musiken zwischen Soul und Jazz.<\/p>\n<p><strong><a href=\"https:\/\/www.sonicsoulreviews.com\/wordpress\/category\/reviews\/shortcuts\/\">Shortcuts<\/a><\/strong><br \/>\nDas Beste vom Reste \u2013 kurzgefasste Vorstellungen neuer Artisten und  ihrer EP oder Single-Debuts, sowie weitere erw\u00e4hnenswerte neue Compact Discs aus allen Genres der Sonic Soul Umgebung.<\/p>\n","protected":false},"excerpt":{"rendered":"<p>Sonic Soul Reviews &#8211; Die Auswahl f\u00fcr Kenner, und die Damen und Herren unter der Leserschaft, die es werden wollen. Vor dem Start in die Welt von Sonic Soul, hier noch eine kurze F\u00fchrung durch die angebotenen Abteilungen: Grooves &amp; &hellip; <a href=\"https:\/\/www.sonicsoulreviews.com\/wordpress\/about\/\">Weiterlesen <span class=\"meta-nav\">&rarr;<\/span><\/a><\/p>\n","protected":false},"author":1,"featured_media":0,"parent":0,"menu_order":1,"comment_status":"closed","ping_status":"open","template":"","meta":{"footnotes":""},"class_list":["post-2","page","type-page","status-publish","hentry"],"_links":{"self":[{"href":"https:\/\/www.sonicsoulreviews.com\/wordpress\/wp-json\/wp\/v2\/pages\/2","targetHints":{"allow":["GET"]}}],"collection":[{"href":"https:\/\/www.sonicsoulreviews.com\/wordpress\/wp-json\/wp\/v2\/pages"}],"about":[{"href":"https:\/\/www.sonicsoulreviews.com\/wordpress\/wp-json\/wp\/v2\/types\/page"}],"author":[{"embeddable":true,"href":"https:\/\/www.sonicsoulreviews.com\/wordpress\/wp-json\/wp\/v2\/users\/1"}],"replies":[{"embeddable":true,"href":"https:\/\/www.sonicsoulreviews.com\/wordpress\/wp-json\/wp\/v2\/comments?post=2"}],"version-history":[{"count":26,"href":"https:\/\/www.sonicsoulreviews.com\/wordpress\/wp-json\/wp\/v2\/pages\/2\/revisions"}],"predecessor-version":[{"id":364,"href":"https:\/\/www.sonicsoulreviews.com\/wordpress\/wp-json\/wp\/v2\/pages\/2\/revisions\/364"}],"wp:attachment":[{"href":"https:\/\/www.sonicsoulreviews.com\/wordpress\/wp-json\/wp\/v2\/media?parent=2"}],"curies":[{"name":"wp","href":"https:\/\/api.w.org\/{rel}","templated":true}]}}